{"id":64,"date":"2019-03-07T17:43:35","date_gmt":"2019-03-07T17:43:35","guid":{"rendered":"https:\/\/wordpress.mv-utzenfeld.de\/?page_id=64"},"modified":"2019-03-09T16:11:28","modified_gmt":"2019-03-09T16:11:28","slug":"kinderschutz","status":"publish","type":"page","link":"https:\/\/mv-utzenfeld.de\/?page_id=64","title":{"rendered":"Kinderschutz"},"content":{"rendered":"\n<p><strong>Aktiv im Kinder- und Jugendschutz<\/strong><\/p>\n\n\n\n<p>Der Musikverein ist Teil des Schutzsystems f\u00fcr Kinder und Jugendliche.  Wir tragen die Verantwortung, dass M\u00e4dchen und Jungen vor jeglicher Form  von Gewalt innerhalb unseres Vereins bestm\u00f6glich gesch\u00fctzt werden. Die Vorstandschaft sowie die Mitglieder des Musikvereins sind  sich dieser Verantwortung bewusst und setzen den Kinderschutz aktiv im Verein um. <\/p>\n\n\n\n<p>Der Landkreis L\u00f6rrach hat die Initiative \u201eKinderschutz geht uns alle an!\u201c gegr\u00fcndet. Der Musikverein Utzenfeld e.V. schlie\u00dft sich dieser an und geht eine Vereinbarung zur Umsetzung des Schutzauftrags der Jugendhilfe mit dem Landratsamt L\u00f6rrach ein.  <\/p>\n\n\n\n<hr class=\"wp-block-separator\"\/>\n\n\n\n<p><strong>Ansprechpersonen<\/strong><\/p>\n\n\n\n<p>Im Musikverein Utzenfeld e.V. sind die Ansprechpersonen bei Fragen zum Kinder- und Jugendschutz Sarah Fr\u00e4ulin und Lena Wunderle. Ihr k\u00f6nnt uns direkt ansprechen oder uns eine E-Mail schreiben an: <strong>kinderschutz-mvu[_at_]gmx.de<\/strong><\/p>\n","protected":false},"excerpt":{"rendered":"<p>Aktiv im Kinder- und Jugendschutz Der Musikverein ist Teil des Schutzsystems f\u00fcr Kinder und Jugendliche. Wir tragen die Verantwortung, dass M\u00e4dchen und Jungen vor jeglicher Form von Gewalt innerhalb unseres Vereins bestm\u00f6glich gesch\u00fctzt werden. Die Vorstandschaft sowie die Mitglieder des Musikvereins sind sich dieser Verantwortung bewusst und setzen den Kinderschutz aktiv im Verein um. Der &hellip; <\/p>\n<p class=\"link-more\"><a href=\"https:\/\/mv-utzenfeld.de\/?page_id=64\" class=\"more-link\"><span class=\"screen-reader-text\">\u201eKinderschutz\u201c <\/span>weiterlesen<\/a><\/p>\n","protected":false},"author":3,"featured_media":0,"parent":12,"menu_order":0,"comment_status":"closed","ping_status":"closed","template":"","meta":{"footnotes":""},"class_list":["post-64","page","type-page","status-publish","hentry"],"_links":{"self":[{"href":"https:\/\/mv-utzenfeld.de\/index.php?rest_route=\/wp\/v2\/pages\/64","targetHints":{"allow":["GET"]}}],"collection":[{"href":"https:\/\/mv-utzenfeld.de\/index.php?rest_route=\/wp\/v2\/pages"}],"about":[{"href":"https:\/\/mv-utzenfeld.de\/index.php?rest_route=\/wp\/v2\/types\/page"}],"author":[{"embeddable":true,"href":"https:\/\/mv-utzenfeld.de\/index.php?rest_route=\/wp\/v2\/users\/3"}],"replies":[{"embeddable":true,"href":"https:\/\/mv-utzenfeld.de\/index.php?rest_route=%2Fwp%2Fv2%2Fcomments&post=64"}],"version-history":[{"count":7,"href":"https:\/\/mv-utzenfeld.de\/index.php?rest_route=\/wp\/v2\/pages\/64\/revisions"}],"predecessor-version":[{"id":175,"href":"https:\/\/mv-utzenfeld.de\/index.php?rest_route=\/wp\/v2\/pages\/64\/revisions\/175"}],"up":[{"embeddable":true,"href":"https:\/\/mv-utzenfeld.de\/index.php?rest_route=\/wp\/v2\/pages\/12"}],"wp:attachment":[{"href":"https:\/\/mv-utzenfeld.de\/index.php?rest_route=%2Fwp%2Fv2%2Fmedia&parent=64"}],"curies":[{"name":"wp","href":"https:\/\/api.w.org\/{rel}","templated":true}]}}