{"id":47,"date":"2019-01-19T15:12:05","date_gmt":"2019-01-19T15:12:05","guid":{"rendered":"https:\/\/wordpress.mv-utzenfeld.de\/?page_id=47"},"modified":"2025-04-21T22:03:39","modified_gmt":"2025-04-21T22:03:39","slug":"impressum","status":"publish","type":"page","link":"https:\/\/mv-utzenfeld.de\/?page_id=47","title":{"rendered":"Impressum"},"content":{"rendered":"\n<h2 class=\"wp-block-heading\"><strong>Angaben gem\u00e4\u00df \u00a7 5 TMG: <br><\/strong><\/h2>\n\n\n\n<p>Musikverein Utzenfeld e. V.<\/p>\n\n\n\n<p>Wiesentalstra\u00dfe 3<\/p>\n\n\n\n<p>79694 Utzenfeld <\/p>\n\n\n\n<h2 class=\"wp-block-heading\"><strong>Vertreten durch:<\/strong><\/h2>\n\n\n\n<p>Sarah Fr\u00e4ulin<br>und<br>Lena Wunderle<\/p>\n\n\n\n<h2 class=\"wp-block-heading\"><strong>Kontakt:<\/strong><\/h2>\n\n\n\n<p>Sarah Fr\u00e4ulin<br>und<br>Lena Wunderle<\/p>\n\n\n\n<p>E-Mail: <a href=\"mailto:vorstand.mvu@web.de\">vorstand.mvu@web.de<\/a><\/p>\n\n\n\n<p>Kontakt\nWebmaster<br>\nwebmaster[_at_]mv-utzenfeld.de<\/p>\n\n\n\n<h2 class=\"wp-block-heading\"><strong>Registereintrag:<\/strong><\/h2>\n\n\n\n<p>Eintragung im Vereinsregister.<\/p>\n\n\n\n<p>Registergericht: Amtsgericht Sch\u00f6nau<\/p>\n\n\n\n<p>Registernummer:12151A055<\/p>\n\n\n\n<h2 class=\"wp-block-heading\"><strong>Haftungsausschluss:<\/strong><\/h2>\n\n\n\n<h2 class=\"wp-block-heading\">Haftung f\u00fcr\nInhalte:<\/h2>\n\n\n\n<p>Die Inhalte\nunserer Seiten wurden mit gr\u00f6\u00dfter Sorgfalt erstellt. F\u00fcr die Richtigkeit,\nVollst\u00e4ndigkeit und Aktualit\u00e4t der Inhalte k\u00f6nnen wir jedoch keine Gew\u00e4hr\n\u00fcbernehmen. Als Diensteanbieter sind wir gem\u00e4\u00df \u00a7 7 Abs.1 TMG f\u00fcr eigene Inhalte\nauf diesen Seiten nach den allgemeinen Gesetzen verantwortlich. Nach \u00a7\u00a7 8 bis\n10 TMG sind wir als Diensteanbieter jedoch nicht verpflichtet, \u00fcbermittelte\noder gespeicherte fremde Informationen zu \u00fcberwachen oder nach Umst\u00e4nden zu\nforschen, die auf eine rechtswidrige T\u00e4tigkeit hinweisen. Verpflichtungen zur\nEntfernung oder Sperrung der Nutzung von Informationen nach den allgemeinen\nGesetzen bleiben hiervon unber\u00fchrt. Eine diesbez\u00fcgliche Haftung ist jedoch erst\nab dem Zeitpunkt der Kenntnis einer konkreten Rechtsverletzung m\u00f6glich. Bei\nBekanntwerden von entsprechenden Rechtsverletzungen werden wir diese Inhalte\numgehend entfernen.\n<\/p>\n\n\n\n<h2 class=\"wp-block-heading\">Haftung f\u00fcr\nLinks:<\/h2>\n\n\n\n<p>Unser\nAngebot enth\u00e4lt Links zu externen Webseiten Dritter, auf deren Inhalte wir\nkeinen Einfluss haben. Deshalb k\u00f6nnen wir f\u00fcr diese fremden Inhalte auch keine\nGew\u00e4hr \u00fcbernehmen. F\u00fcr die Inhalte der verlinkten Seiten ist stets der\njeweilige Anbieter oder Betreiber der Seiten verantwortlich. Die verlinkten\nSeiten wurden zum Zeitpunkt der Verlinkung auf m\u00f6gliche Rechtsverst\u00f6\u00dfe\n\u00fcberpr\u00fcft. Rechtswidrige Inhalte waren zum Zeitpunkt der Verlinkung nicht\nerkennbar. Eine permanente inhaltliche Kontrolle der verlinkten Seiten ist\njedoch ohne konkrete Anhaltspunkte einer Rechtsverletzung nicht zumutbar. Bei\nBekanntwerden von Rechtsverletzungen werden wir derartige Links umgehend\nentfernen.\n<\/p>\n\n\n\n<h2 class=\"wp-block-heading\">Urheberrecht:<\/h2>\n\n\n\n<p>Die durch\ndie Seitenbetreiber erstellten Inhalte und Werke auf diesen Seiten unterliegen\ndem deutschen Urheberrecht. Die Vervielf\u00e4ltigung, Bearbeitung, Verbreitung und\njede Art der Verwertung au\u00dferhalb der Grenzen des Urheberrechtes bed\u00fcrfen der\nschriftlichen Zustimmung des jeweiligen Autors bzw. Erstellers. Downloads und\nKopien dieser Seite sind nur f\u00fcr den privaten, nicht kommerziellen Gebrauch\ngestattet. Soweit die Inhalte auf dieser Seite nicht vom Betreiber erstellt\nwurden, werden die Urheberrechte Dritter beachtet. Insbesondere werden Inhalte\nDritter als solche gekennzeichnet. Sollten Sie trotzdem auf eine\nUrheberrechtsverletzung aufmerksam werden, bitten wir um einen entsprechenden\nHinweis. Bei Bekanntwerden von Rechtsverletzungen werden wir derartige Inhalte\numgehend entfernen.\n<\/p>\n\n\n\n<h2 class=\"wp-block-heading\"><strong>Datenschutz<\/strong><\/h2>\n\n\n\n<p>Die\nBetreiber dieser Seiten nehmen den Schutz Ihrer pers\u00f6nlichen Daten sehr ernst.\nWir behandeln Ihre personenbezogenen Daten vertraulich und entsprechend der\ngesetzlichen Datenschutzvorschriften sowie dieser Datenschutzerkl\u00e4rung.\n<\/p>\n\n\n\n<p>Die Nutzung\nunserer Webseite ist in der Regel ohne Angabe personenbezogener Daten m\u00f6glich.\nSoweit auf unseren Seiten personenbezogene Daten (beispielsweise Name,\nAnschrift oder eMail-Adressen) erhoben werden, erfolgt dies, soweit m\u00f6glich,\nstets auf freiwilliger Basis. Diese Daten werden ohne Ihre ausdr\u00fcckliche Zustimmung\nnicht an Dritte weitergegeben.<br>\n<br>\nWir weisen darauf hin, dass die Daten\u00fcbertragung im Internet (z.B. bei der\nKommunikation per E-Mail) Sicherheitsl\u00fccken aufweisen kann. Ein l\u00fcckenloser\nSchutz der Daten vor dem Zugriff durch Dritte ist nicht m\u00f6glich.<br>\n<br>\nDer Nutzung von im Rahmen der Impressumspflicht ver\u00f6ffentlichten Kontaktdaten\ndurch Dritte zur \u00dcbersendung von nicht ausdr\u00fccklich angeforderter Werbung und\nInformationsmaterialien wird hiermit ausdr\u00fccklich widersprochen. Die Betreiber\nder Seiten behalten sich ausdr\u00fccklich rechtliche Schritte im Falle der\nunverlangten Zusendung von Werbeinformationen, etwa durch Spam-Mails, vor.<\/p>\n\n\n\n<h2 class=\"wp-block-heading\">Rechtswirksamkeit:<\/h2>\n\n\n\n<p>Sofern Teile\noder einzelne Formulierungen dieses Textes der geltenden Rechtslage nicht,\nnicht mehr oder nicht vollst\u00e4ndig entsprechen sollten, bleiben die \u00fcbrigen\nTeile des Dokumentes in ihrem Inhalt und ihrer G\u00fcltigkeit davon unber\u00fchrt.<\/p>\n","protected":false},"excerpt":{"rendered":"<p>Angaben gem\u00e4\u00df \u00a7 5 TMG: Musikverein Utzenfeld e. V. Wiesentalstra\u00dfe 3 79694 Utzenfeld Vertreten durch: Sarah Fr\u00e4ulinundLena Wunderle Kontakt: Sarah Fr\u00e4ulinundLena Wunderle E-Mail: vorstand.mvu@web.de Kontakt Webmaster webmaster[_at_]mv-utzenfeld.de Registereintrag: Eintragung im Vereinsregister. Registergericht: Amtsgericht Sch\u00f6nau Registernummer:12151A055 Haftungsausschluss: Haftung f\u00fcr Inhalte: Die Inhalte unserer Seiten wurden mit gr\u00f6\u00dfter Sorgfalt erstellt. F\u00fcr die Richtigkeit, Vollst\u00e4ndigkeit und Aktualit\u00e4t der &hellip; <\/p>\n<p class=\"link-more\"><a href=\"https:\/\/mv-utzenfeld.de\/?page_id=47\" class=\"more-link\"><span class=\"screen-reader-text\">\u201eImpressum\u201c <\/span>weiterlesen<\/a><\/p>\n","protected":false},"author":3,"featured_media":0,"parent":0,"menu_order":0,"comment_status":"closed","ping_status":"closed","template":"","meta":{"footnotes":""},"class_list":["post-47","page","type-page","status-publish","hentry"],"_links":{"self":[{"href":"https:\/\/mv-utzenfeld.de\/index.php?rest_route=\/wp\/v2\/pages\/47","targetHints":{"allow":["GET"]}}],"collection":[{"href":"https:\/\/mv-utzenfeld.de\/index.php?rest_route=\/wp\/v2\/pages"}],"about":[{"href":"https:\/\/mv-utzenfeld.de\/index.php?rest_route=\/wp\/v2\/types\/page"}],"author":[{"embeddable":true,"href":"https:\/\/mv-utzenfeld.de\/index.php?rest_route=\/wp\/v2\/users\/3"}],"replies":[{"embeddable":true,"href":"https:\/\/mv-utzenfeld.de\/index.php?rest_route=%2Fwp%2Fv2%2Fcomments&post=47"}],"version-history":[{"count":5,"href":"https:\/\/mv-utzenfeld.de\/index.php?rest_route=\/wp\/v2\/pages\/47\/revisions"}],"predecessor-version":[{"id":364,"href":"https:\/\/mv-utzenfeld.de\/index.php?rest_route=\/wp\/v2\/pages\/47\/revisions\/364"}],"wp:attachment":[{"href":"https:\/\/mv-utzenfeld.de\/index.php?rest_route=%2Fwp%2Fv2%2Fmedia&parent=47"}],"curies":[{"name":"wp","href":"https:\/\/api.w.org\/{rel}","templated":true}]}}