{"id":146,"date":"2019-03-08T17:48:05","date_gmt":"2019-03-08T17:48:05","guid":{"rendered":"https:\/\/wordpress.mv-utzenfeld.de\/?page_id=146"},"modified":"2024-01-26T13:57:55","modified_gmt":"2024-01-26T13:57:55","slug":"2017-2","status":"publish","type":"page","link":"https:\/\/mv-utzenfeld.de\/?page_id=146","title":{"rendered":"2017"},"content":{"rendered":"\n<p><strong>Jahreskonzert am 16.12.2017 <\/strong><\/p>\n\n\n\n<p> <strong>Musikalische Reise um den Globus<\/strong> <strong> \/ Ute Keller wird als erste Frau Ehrenmitglied des Vereins\u00a0 <\/strong><\/p>\n\n\n\n<p>Am Samstag, den 16.12.2017 hatte der\nMusikverein Utzenfeld zu seinem Jahreskonzert in die Gemeindehalle eingeladen.\nDer Abend stand unter dem Motto ,,Eine Reise um die Welt\u201c. Die zahlreich\nerschienenen Besucher erlebten die typischen Melodien der verschiedenen\nKontinente und wurden dabei von Reiseleiter J\u00fcrgen Butz durchs Programm\ngef\u00fchrt.<\/p>\n\n\n\n<p>Utzenfeld. Bevor der Musikverein\nseine Reise startete, wurde der Abend von den Z\u00f6glingen des Vereins unter der\nLeitung von Guido Behringer mit bekannten Weihnachtsmelodien er\u00f6ffnet. In\ndiesem Zug \u00fcberreichte Jugendleiterin Katrin Wunderle Ester Brooks das\nJungmusikerleistungsabzeichen in Bronze.<\/p>\n\n\n\n<p>Danach startete der Musikverein\nUtzenfeld seine Reise in der Stadt der Liebe, Venedig, mit der Ouvert\u00fcre zur\nOperette ,,Eine Nacht in Venedig\u201c. Anschlie\u00dfend zog Solist Martin Wietzel mit\nseiner Tuba und der Polka \u201eTuba unterwegs\u201c das Publikum in seinen Bann.<\/p>\n\n\n\n<p>Nach dem Solost\u00fcck wagte die\nReisegruppe den Flug \u00fcber den gro\u00dfen Teich ins Land der unbegrenzten\nM\u00f6glichkeiten, genauer gesagt auf die Gef\u00e4ngnisinsel Alcatraz. Der Musikverein\npr\u00e4sentierte das Hauptthema des Films \u201eThe Rock\u201c unter dem Titel \u201eHummel gets\nthe Rockets\u201c. Danach reiste man weiter nach Nevada und pr\u00e4sentierte ,,I will\nfollow him\u201c aus dem Film \u201eSister Act\u201c und anschlie\u00dfend startete man zum Flug\nauf die Insel Puerto Rico, auf der der Song ,,Let`s get Loud\u201c von Jennifer\nLopez uraufgef\u00fchrt wurde.<\/p>\n\n\n\n<p>Auf dem langen Flug auf den\naustralischen Kontinent legte die Reisegruppe eine kleine Pause ein. Kurz zuvor\nwurde Ute Keller von der Vorsitzenden Felicitas Kaiser f\u00fcr 30 Jahre aktive\nMitgliedschaft im Musikverein geehrt. Au\u00dferdem wurde sie als erste Frau zum\nEhrenmitglied des Vereins ernannt. Als Anerkennung daf\u00fcr spielte der\nMusikverein auf Wunsch von Ute Keller den Marsch ,,Mens sana in corpore sano\u201c.<\/p>\n\n\n\n<p>Nach der Pause startete der\nMusikverein mit dem St\u00fcck ,,Ross Roy\u201c, das vom Schulalltag in der gleichnamigen\nVilla handelt. Besondere Kl\u00e4nge durfte die Reisegruppe nicht nur im St\u00fcck,\nsondern auch davor erleben, denn Dirigent Ingo Ganter spielte f\u00fcr das Publikum\nauf seinem Didgeridoo.<\/p>\n\n\n\n<p>Nach den Kl\u00e4ngen aus Australien\nnahmen die Musiker und das Publikum den Weg in die T\u00fcrkei auf sich. Dieser\nlange Flug lohnte sich aber, denn Solist Guido Behringer \u00fcberzeugte mit dem\nSt\u00fcck ,,T\u00fcrkischer Marsch\u201c auf dem Tenorhorn. Was in Asien nat\u00fcrlich nicht\nfehlen durfte, war ein Besuch auf einem orientalischen Markt, und deshalb lud\nReiseleiter J\u00fcrgen Butz seine Reisegruppe dazu ein, den Kl\u00e4ngen des St\u00fccks\n,,Auf einem persischen Markt\u201c zu lauschen.<\/p>\n\n\n\n<p>Es folgte die Reise auf den w\u00e4rmsten\nKontinent der Erde, Afrika, und der Musikverein pr\u00e4sentierte das St\u00fcck ,,The\nLion King\u201c, ehe man sich auf den Weg an den S\u00fcdpol machte und dem winterlichen\nSt\u00fcck ,,Winter Wonderland\u201c zuh\u00f6ren konnte. Um die Reise zu beenden, wo man sie\nbegonnen hat, folgte das Abschlussst\u00fcck ,,Italo Pop Classic\u201c.<\/p>\n\n\n\n<p>Aufgrund des lang anhaltenden Applauses gab der Musikverein als Zugabe die Borsicka-Polka.<\/p>\n\n\n\n<figure class=\"wp-block-image\"><img loading=\"lazy\" decoding=\"async\" width=\"500\" height=\"333\" src=\"https:\/\/wordpress.mv-utzenfeld.de\/wp-content\/uploads\/2019\/03\/konzert-2017.jpg\" alt=\"\" class=\"wp-image-147\" srcset=\"https:\/\/mv-utzenfeld.de\/wp-content\/uploads\/2019\/03\/konzert-2017.jpg 500w, https:\/\/mv-utzenfeld.de\/wp-content\/uploads\/2019\/03\/konzert-2017-300x200.jpg 300w\" sizes=\"auto, (max-width: 500px) 100vw, 500px\" \/><figcaption>Ute Keller (links) wurde von der Vorsitzenden Felicitas Kaiser als erste Frau zum Ehrenmitglied des Musikvereins Utzenfeld ernannt. <\/figcaption><\/figure>\n\n\n\n<hr class=\"wp-block-separator\"\/>\n\n\n\n<div style=\"height:100px\" aria-hidden=\"true\" class=\"wp-block-spacer\"><\/div>\n\n\n\n<p><strong>Generalversammlung am 18.03.2017<\/strong><\/p>\n\n\n\n<p><strong>Vom F\u00fchrungs-Trio zum Duo<\/strong> <\/p>\n\n\n\n<p><strong>R\u00fcckblick:<\/strong> Vorsitzende Sonja Strohmeier gab\neinen \u00dcberblick \u00fcber die Highlights des letzten Jahres. Dazu z\u00e4hlten das\nDoppelkonzert mit der Musikgesellschaft K\u00f6lliken (Schweiz) zu deren\n125-j\u00e4hrigem Jubil\u00e4um und das Oktoberfest mit der Trachtenkapelle Todtnauberg und\nder Gruppierung Blasmusikfieber. Vorsitzende Felicitas Kaiser gab\nstellvertretend f\u00fcr Jugendleiter Guido Behringer einen \u00dcberblick \u00fcber die\nJugendarbeit des Vereins. Man sei mit den acht Z\u00f6glingen, die sich gerade in\nder Ausbildung befinden, auf einem guten Weg. 2016 bestanden Franziska Wetzel,\nAlina Wietzel und Tom Brooks das Jugendmusikerleistungsabzeichen in Bronze. <\/p>\n\n\n\n<p>Anschlie\u00dfend\nlie\u00df Schriftf\u00fchrer Hartmut Mayer in seinem Bericht das vergangene Vereinsjahr\nnoch einmal Revue passieren, bevor Kassierer Hanns-Christian Ginzky einen\nEinblick in die Buchf\u00fchrung des Vereins gab. Man traf sich im vergangenen\nVereinsjahr zu 54 Proben und 18 Anl\u00e4ssen.<\/p>\n\n\n\n<p><strong>Ausblick:<\/strong> Bevorstehende H\u00f6hepunkte im Musikvereinsjahr sind zwei Doppelkonzerte mit der Trachtenkapelle Todtnauberg und dem Musikverein Geschwend, das Sommerlagerfeuer, das Utzenfelder Dorffest, das Oktoberfest und das Weihnachtskonzert.<br> <br> <strong>Ehrungen:<\/strong> J\u00fcrgen Wassmer ehrte Martin Butz (zehn Jahre passiver Besitzer), Sarah Fr\u00e4ulin (zehn Jahre), Severin Lais (20 Jahre), Ute Keller (30 Jahre, Ehrenmitglied), Martin Wietzel und Peter Kaiser (beide 35 Jahre). Der Wanderpokal f\u00fcr den besten Probenbesuch ging mit 96,3 Prozent an Peter Kaiser.<br> <br> <strong>Wahlen:<\/strong> Anstelle des Vorstandteams mit Felicitas Kaiser, Sonja Stromeier und J\u00fcrgen Wassmer wurde Felicitas Kaiser als neue 1. Vorsitzende und Frank D\u00f6ring als neuer 2. Vorsitzender gew\u00e4hlt. Simone Ulrich \u00fcbernahm das Kassiereramt von Hanns-Christian Ginzky und Severin Lais die Kassenpr\u00fcferaufgabe von Ute Keller. Neue Jugendleiterin, anstelle von Guido Behringer, wurde Katrin Wunderle. Aktiv- Beisitzerin anstelle von Peter Kaiser und Katrin Wunderle wurde Sarah Fr\u00e4ulin. Richard Behringer bleibt aktiver Beisitzer. Schriftf\u00fchrer Hartmut Mayer beh\u00e4lt sein Amt, genauso wie der Passiv-Beisitzer Martin Butz. Alle neuen Vorstandsmitglieder wurden unter der Leitung von B\u00fcrgermeister Harald Lais einstimmig gew\u00e4hlt. Lena Wunderle \u00fcbernahm zudem von Simone Ulrich das Amt des Notenwarts und Jessica Wetzel das Amt des Pressewarts von Dagmar Ginzky. Die neue erste Vorsitzende Felicitas Kaiser dankte allen bisherigen Vorstandsmitgliedern f\u00fcr die Zusammenarbeit und freut sich auf die zuk\u00fcnftige Arbeit mit dem neu gebildeten Vorstand.<br> <br> <strong>Mitglieder:<\/strong> 33 aktive Musiker, 79 passive Mitglieder, davon sind 15 Ehrenmitglieder und 8 Z\u00f6glinge.<\/p>\n\n\n\n<figure class=\"wp-block-image\"><img loading=\"lazy\" decoding=\"async\" width=\"450\" height=\"300\" src=\"https:\/\/wordpress.mv-utzenfeld.de\/wp-content\/uploads\/2019\/03\/GV-2017-1.jpg\" alt=\"\" class=\"wp-image-148\" srcset=\"https:\/\/mv-utzenfeld.de\/wp-content\/uploads\/2019\/03\/GV-2017-1.jpg 450w, https:\/\/mv-utzenfeld.de\/wp-content\/uploads\/2019\/03\/GV-2017-1-300x200.jpg 300w\" sizes=\"auto, (max-width: 450px) 100vw, 450px\" \/><figcaption>Die neue Vorstandschaft des Musikvereins Utzenfeld: (von links) Frank D\u00f6ring, Felicitas Kaiser, Sarah Fr\u00e4ulin, Simone Ulrich, Hartmut Mayer, Richard Behringer. Es fehlen Katrin Wunderle und Martin Butz. <\/figcaption><\/figure>\n\n\n\n<hr class=\"wp-block-separator\"\/>\n","protected":false},"excerpt":{"rendered":"<p>Jahreskonzert am 16.12.2017 Musikalische Reise um den Globus \/ Ute Keller wird als erste Frau Ehrenmitglied des Vereins\u00a0 Am Samstag, den 16.12.2017 hatte der Musikverein Utzenfeld zu seinem Jahreskonzert in die Gemeindehalle eingeladen. Der Abend stand unter dem Motto ,,Eine Reise um die Welt\u201c. Die zahlreich erschienenen Besucher erlebten die typischen Melodien der verschiedenen Kontinente &hellip; <\/p>\n<p class=\"link-more\"><a href=\"https:\/\/mv-utzenfeld.de\/?page_id=146\" class=\"more-link\"><span class=\"screen-reader-text\">\u201e2017\u201c <\/span>weiterlesen<\/a><\/p>\n","protected":false},"author":3,"featured_media":0,"parent":97,"menu_order":0,"comment_status":"closed","ping_status":"closed","template":"","meta":{"footnotes":""},"class_list":["post-146","page","type-page","status-publish","hentry"],"_links":{"self":[{"href":"https:\/\/mv-utzenfeld.de\/index.php?rest_route=\/wp\/v2\/pages\/146","targetHints":{"allow":["GET"]}}],"collection":[{"href":"https:\/\/mv-utzenfeld.de\/index.php?rest_route=\/wp\/v2\/pages"}],"about":[{"href":"https:\/\/mv-utzenfeld.de\/index.php?rest_route=\/wp\/v2\/types\/page"}],"author":[{"embeddable":true,"href":"https:\/\/mv-utzenfeld.de\/index.php?rest_route=\/wp\/v2\/users\/3"}],"replies":[{"embeddable":true,"href":"https:\/\/mv-utzenfeld.de\/index.php?rest_route=%2Fwp%2Fv2%2Fcomments&post=146"}],"version-history":[{"count":1,"href":"https:\/\/mv-utzenfeld.de\/index.php?rest_route=\/wp\/v2\/pages\/146\/revisions"}],"predecessor-version":[{"id":149,"href":"https:\/\/mv-utzenfeld.de\/index.php?rest_route=\/wp\/v2\/pages\/146\/revisions\/149"}],"up":[{"embeddable":true,"href":"https:\/\/mv-utzenfeld.de\/index.php?rest_route=\/wp\/v2\/pages\/97"}],"wp:attachment":[{"href":"https:\/\/mv-utzenfeld.de\/index.php?rest_route=%2Fwp%2Fv2%2Fmedia&parent=146"}],"curies":[{"name":"wp","href":"https:\/\/api.w.org\/{rel}","templated":true}]}}