{"id":134,"date":"2019-03-08T17:31:24","date_gmt":"2019-03-08T17:31:24","guid":{"rendered":"https:\/\/wordpress.mv-utzenfeld.de\/?page_id=134"},"modified":"2024-01-26T13:47:57","modified_gmt":"2024-01-26T13:47:57","slug":"passivmitglied-werden","status":"publish","type":"page","link":"https:\/\/mv-utzenfeld.de\/?page_id=134","title":{"rendered":"Passivmitglied werden"},"content":{"rendered":"\n<h2 class=\"wp-block-heading\" id=\"cc-m-header-5548866251\">F\u00f6rderung des Musikvereins durch passive Mitgliedschaft<\/h2>\n\n\n\n<p>Mit unseren Konzerten, Gratulationsst\u00e4ndchen und Auftritten an  \u00f6ffentlichen und kirchlichen Anl\u00e4ssen bereichern wir das kulturelle  Leben. <\/p>\n\n\n\n<p>Als Dorfverein sind wir jedoch auf die Unterst\u00fctzung der Bev\u00f6lkerung  angewiesen. Wir freuen uns immer wieder, wenn wir an Konzerten und  Anl\u00e4ssen erfahren d\u00fcrfen, dass uns die einheimischen und  umliegenden Bewohner mit ihrer Anwesenheit unterst\u00fctzten. Au\u00dferdem  sind wir auch auf finanzielle Mithilfe angewiesen. Auf diesem Weg  k\u00f6nnen Sie uns als Passivmitglied am Besten unter die  Arme greifen. <\/p>\n\n\n\n<p>Geh\u00f6ren auch Sie bereits zum Kreis unserer Passivmitglieder oder m\u00f6chten Sie dies noch nachholen? <\/p>\n\n\n\n<p>Als Passivmitglied erhalten Sie automatisch die Einladungen (mit  Eintrittserm\u00e4\u00dfigung) und das Programm f\u00fcr unser Jahreskonzert. <\/p>\n\n\n\n<p>Der Mitgliedsbeitrag betr\u00e4gt lediglich 12 Euro pro Jahr. Selbstverst\u00e4ndlich nehmen wir auch sehr gerne h\u00f6here  Betr\u00e4ge  entgegen. <\/p>\n\n\n\n<p><\/p>\n\n\n\n<div data-wp-interactive=\"core\/file\" class=\"wp-block-file\"><object data-wp-bind--hidden=\"!state.hasPdfPreview\" hidden class=\"wp-block-file__embed\" data=\"https:\/\/www.mv-utzenfeld.de\/wp-content\/uploads\/2024\/01\/Passivmitglied-werden.pdf\" type=\"application\/pdf\" style=\"width:100%;height:600px\" aria-label=\"Einbettung von Beitrittserkl\u00e4rung zum Passivmitglied.\"><\/object><a id=\"wp-block-file--media-d021a19c-2335-4bc7-b562-1270500be31b\" href=\"https:\/\/www.mv-utzenfeld.de\/wp-content\/uploads\/2024\/01\/Passivmitglied-werden.pdf\">Beitrittserkl\u00e4rung zum Passivmitglied<\/a><a href=\"https:\/\/www.mv-utzenfeld.de\/wp-content\/uploads\/2024\/01\/Passivmitglied-werden.pdf\" class=\"wp-block-file__button wp-element-button\" download aria-describedby=\"wp-block-file--media-d021a19c-2335-4bc7-b562-1270500be31b\">Herunterladen<\/a><\/div>\n\n\n\n<p>Sind Sie interessiert, dann wenden Sie sich einfach an eines unserer  Aktivmitglieder.<\/p>\n\n\n\n<p>Wir freuen uns \u00fcber jedes neue Passivmitglied! <\/p>\n\n\n\n<p><strong>Herzlichen Dank! <\/strong><\/p>\n","protected":false},"excerpt":{"rendered":"<p>F\u00f6rderung des Musikvereins durch passive Mitgliedschaft Mit unseren Konzerten, Gratulationsst\u00e4ndchen und Auftritten an \u00f6ffentlichen und kirchlichen Anl\u00e4ssen bereichern wir das kulturelle Leben. Als Dorfverein sind wir jedoch auf die Unterst\u00fctzung der Bev\u00f6lkerung angewiesen. Wir freuen uns immer wieder, wenn wir an Konzerten und Anl\u00e4ssen erfahren d\u00fcrfen, dass uns die einheimischen und umliegenden Bewohner mit ihrer &hellip; <\/p>\n<p class=\"link-more\"><a href=\"https:\/\/mv-utzenfeld.de\/?page_id=134\" class=\"more-link\"><span class=\"screen-reader-text\">\u201ePassivmitglied werden\u201c<\/span> weiterlesen<\/a><\/p>\n","protected":false},"author":3,"featured_media":0,"parent":0,"menu_order":0,"comment_status":"closed","ping_status":"closed","template":"","meta":{"footnotes":""},"class_list":["post-134","page","type-page","status-publish","hentry"],"_links":{"self":[{"href":"https:\/\/mv-utzenfeld.de\/index.php?rest_route=\/wp\/v2\/pages\/134","targetHints":{"allow":["GET"]}}],"collection":[{"href":"https:\/\/mv-utzenfeld.de\/index.php?rest_route=\/wp\/v2\/pages"}],"about":[{"href":"https:\/\/mv-utzenfeld.de\/index.php?rest_route=\/wp\/v2\/types\/page"}],"author":[{"embeddable":true,"href":"https:\/\/mv-utzenfeld.de\/index.php?rest_route=\/wp\/v2\/users\/3"}],"replies":[{"embeddable":true,"href":"https:\/\/mv-utzenfeld.de\/index.php?rest_route=%2Fwp%2Fv2%2Fcomments&post=134"}],"version-history":[{"count":7,"href":"https:\/\/mv-utzenfeld.de\/index.php?rest_route=\/wp\/v2\/pages\/134\/revisions"}],"predecessor-version":[{"id":292,"href":"https:\/\/mv-utzenfeld.de\/index.php?rest_route=\/wp\/v2\/pages\/134\/revisions\/292"}],"wp:attachment":[{"href":"https:\/\/mv-utzenfeld.de\/index.php?rest_route=%2Fwp%2Fv2%2Fmedia&parent=134"}],"curies":[{"name":"wp","href":"https:\/\/api.w.org\/{rel}","templated":true}]}}